{"id":60,"date":"2021-04-26T07:40:41","date_gmt":"2021-04-26T07:40:41","guid":{"rendered":"http:\/\/ujilliurex.uji.es\/?page_id=60"},"modified":"2025-10-28T10:53:02","modified_gmt":"2025-10-28T08:53:02","slug":"organizacion","status":"publish","type":"page","link":"https:\/\/ujilliurex.uji.es\/es\/organizacion\/","title":{"rendered":"Organizaci\u00f3n"},"content":{"rendered":"\t\t<div data-elementor-type=\"wp-page\" data-elementor-id=\"60\" class=\"elementor elementor-60\">\n\t\t\t\t\t\t\t\t\t<section class=\"elementor-section elementor-top-section elementor-element elementor-element-80de633 elementor-reverse-tablet elementor-reverse-mobile elementor-section-height-min-height elementor-section-boxed elementor-section-height-default elementor-section-items-middle\" data-id=\"80de633\" data-element_type=\"section\" data-settings=\"{&quot;background_background&quot;:&quot;classic&quot;,&quot;shape_divider_top&quot;:&quot;mountains&quot;}\">\n\t\t\t\t\t\t\t<div class=\"elementor-background-overlay\"><\/div>\n\t\t\t\t\t\t<div class=\"elementor-shape elementor-shape-top\" data-negative=\"false\">\n\t\t\t<svg xmlns=\"http:\/\/www.w3.org\/2000\/svg\" viewBox=\"0 0 1000 100\" preserveAspectRatio=\"none\">\n\t<path class=\"elementor-shape-fill\" opacity=\"0.33\" d=\"M473,67.3c-203.9,88.3-263.1-34-320.3,0C66,119.1,0,59.7,0,59.7V0h1000v59.7 c0,0-62.1,26.1-94.9,29.3c-32.8,3.3-62.8-12.3-75.8-22.1C806,49.6,745.3,8.7,694.9,4.7S492.4,59,473,67.3z\"\/>\n\t<path class=\"elementor-shape-fill\" opacity=\"0.66\" d=\"M734,67.3c-45.5,0-77.2-23.2-129.1-39.1c-28.6-8.7-150.3-10.1-254,39.1 s-91.7-34.4-149.2,0C115.7,118.3,0,39.8,0,39.8V0h1000v36.5c0,0-28.2-18.5-92.1-18.5C810.2,18.1,775.7,67.3,734,67.3z\"\/>\n\t<path class=\"elementor-shape-fill\" d=\"M766.1,28.9c-200-57.5-266,65.5-395.1,19.5C242,1.8,242,5.4,184.8,20.6C128,35.8,132.3,44.9,89.9,52.5C28.6,63.7,0,0,0,0 h1000c0,0-9.9,40.9-83.6,48.1S829.6,47,766.1,28.9z\"\/>\n<\/svg>\t\t<\/div>\n\t\t\t\t\t<div class=\"elementor-container elementor-column-gap-default\">\n\t\t\t\t\t<div class=\"elementor-column elementor-col-100 elementor-top-column elementor-element elementor-element-0432741\" data-id=\"0432741\" data-element_type=\"column\">\n\t\t\t<div class=\"elementor-widget-wrap elementor-element-populated\">\n\t\t\t\t\t\t\t\t<div class=\"elementor-element elementor-element-bc85ec7 de_scroll_animation_yes de_scroll_animation_preview_yes de_scroll_translateX_popover_unchecked de_scroll_translateY_popover_unchecked de_scroll_rotate_popover_unchecked de_scroll_scale_popover_unchecked de_scroll_skew_popover_unchecked de_scroll_finish_animate_100 de_scroll_animation_on_desktop_yes de_scroll_animation_on_tablet_no de_scroll_animation_on_mobile_no elementor-widget elementor-widget-mdp-lottier-elementor\" data-id=\"bc85ec7\" data-element_type=\"widget\" data-widget_type=\"mdp-lottier-elementor.default\">\n\t\t\t\t<div class=\"elementor-widget-container\">\n\t\t\t<div id=\"mdp-lottier-box-bc85ec7\">\n                    <div class=\"mdp-lottier-svg\">\n                <div class=\"mdp-lottier-player\">\n                    <!--suppress HtmlUnknownTag -->\n                    <lottie-player id=\"mdp-lottier-bc85ec7\" class=\"mdp-lottier-animation\" src='\/wp-content\/uploads\/lotties\/ujilliurex-organizacion.json'><\/lottie-player>\n                <\/div>\n            <\/div>\n            \n        \n        \n        <\/div>\n\n        <script>\n            var player_bc85ec7 = document.querySelector(\"#mdp-lottier-bc85ec7\");\n\n            player_bc85ec7.background = 'transporant';\n            player_bc85ec7.autoplay = true;            player_bc85ec7.mode = 'normal';\n            player_bc85ec7.controls = false;\n            player_bc85ec7.loop = true;\n            player_bc85ec7.speed = 1;\n\n            \n            \n        <\/script>\n\n        \t\t<\/div>\n\t\t\t\t<\/div>\n\t\t\t\t\t<\/div>\n\t\t<\/div>\n\t\t\t\t\t\t\t<\/div>\n\t\t<\/section>\n\t\t\t\t<section class=\"elementor-section elementor-top-section elementor-element elementor-element-5637fe1a elementor-section-boxed elementor-section-height-default elementor-section-height-default\" data-id=\"5637fe1a\" data-element_type=\"section\" data-settings=\"{&quot;background_background&quot;:&quot;classic&quot;}\">\n\t\t\t\t\t\t<div class=\"elementor-container elementor-column-gap-default\">\n\t\t\t\t\t<div class=\"elementor-column elementor-col-100 elementor-top-column elementor-element elementor-element-5f996d22\" data-id=\"5f996d22\" data-element_type=\"column\" data-settings=\"{&quot;background_background&quot;:&quot;classic&quot;}\">\n\t\t\t<div class=\"elementor-widget-wrap elementor-element-populated\">\n\t\t\t\t\t\t\t\t<div class=\"elementor-element elementor-element-d2ac951 de_scroll_animation_no elementor-widget elementor-widget-heading\" data-id=\"d2ac951\" data-element_type=\"widget\" data-widget_type=\"heading.default\">\n\t\t\t\t<div class=\"elementor-widget-container\">\n\t\t\t<h2 class=\"elementor-heading-title elementor-size-default\">Comit\u00e9 organizador<\/h2>\t\t<\/div>\n\t\t\t\t<\/div>\n\t\t\t\t<div class=\"elementor-element elementor-element-1614fa6d de_scroll_animation_no elementor-widget elementor-widget-text-editor\" data-id=\"1614fa6d\" data-element_type=\"widget\" data-widget_type=\"text-editor.default\">\n\t\t\t\t<div class=\"elementor-widget-container\">\n\t\t\t\t\t\t\t<p>El comit\u00e9 organizador de la <strong>\u00abJornada del proyecto LliureX en la Universidad Jaume I\u00bb<\/strong> est\u00e1 formado por:<\/p>\t\t\t\t\t\t<\/div>\n\t\t\t\t<\/div>\n\t\t\t\t<section class=\"elementor-section elementor-inner-section elementor-element elementor-element-42de65f3 elementor-section-boxed elementor-section-height-default elementor-section-height-default\" data-id=\"42de65f3\" data-element_type=\"section\">\n\t\t\t\t\t\t<div class=\"elementor-container elementor-column-gap-default\">\n\t\t\t\t\t<div class=\"elementor-column elementor-col-50 elementor-inner-column elementor-element elementor-element-4bcc3504\" data-id=\"4bcc3504\" data-element_type=\"column\">\n\t\t\t<div class=\"elementor-widget-wrap elementor-element-populated\">\n\t\t\t\t\t\t\t\t<div class=\"elementor-element elementor-element-be93ba de_scroll_animation_no elementor-widget elementor-widget-elementskit-team\" data-id=\"be93ba\" data-element_type=\"widget\" data-widget_type=\"elementskit-team.default\">\n\t\t\t\t<div class=\"elementor-widget-container\">\n\t\t\t<div class=\"ekit-wid-con\">\t\t <div class=\"profile-square-v\"> \t\t\t\t\t\t\n\t\t<div class=\"profile-card elementor-animation- text-center ekit-team-style-centered_style\">\n\t\t\t\t\t\t\n\t\t\t\t<div class=\"profile-header ekit-team-img \" >\n\t\t\t\t\t<img loading=\"lazy\" decoding=\"async\" width=\"212\" height=\"212\" src=\"https:\/\/ujilliurex.uji.es\/wp-content\/uploads\/2021\/04\/jpacheco.jpg\" class=\"attachment-full size-full wp-image-724\" alt=\"\" srcset=\"https:\/\/ujilliurex.uji.es\/wp-content\/uploads\/2021\/04\/jpacheco.jpg 212w, https:\/\/ujilliurex.uji.es\/wp-content\/uploads\/2021\/04\/jpacheco-150x150.jpg 150w\" sizes=\"auto, (max-width: 212px) 100vw, 212px\" \/>\t\t\t\t<\/div><!-- .profile-header END -->\n\t\t\t\t\t\t\n\n\t\t\t\t<div class=\"profile-body\">\n\t\t\t\t\t\n\t\t\t\t\t<h2 class=\"profile-title\">\n\t\t\t\t\t\t\t\t\t\t\tJulio Pacheco Aparicio\t\t\t\t\t\t\t\t\t\t<\/h2>\n\t\t\t\t\t<p class=\"profile-designation\">Coordinador del Proyecto LliureX en la UJI<\/p>\n\t\t\t\t\t\t\t\t\t<\/div><!-- .profile-body END -->\n\n\t\t\t\t\t\t\t\t<\/div>\n\t\t\t\t <\/div> \t\t\t\n\t\t\t\n\t\t\t\t<\/div>\t\t<\/div>\n\t\t\t\t<\/div>\n\t\t\t\t\t<\/div>\n\t\t<\/div>\n\t\t\t\t<div class=\"elementor-column elementor-col-50 elementor-inner-column elementor-element elementor-element-2198569f\" data-id=\"2198569f\" data-element_type=\"column\">\n\t\t\t<div class=\"elementor-widget-wrap elementor-element-populated\">\n\t\t\t\t\t\t\t\t<div class=\"elementor-element elementor-element-6ce58e3b de_scroll_animation_no elementor-widget elementor-widget-elementskit-team\" data-id=\"6ce58e3b\" data-element_type=\"widget\" data-widget_type=\"elementskit-team.default\">\n\t\t\t\t<div class=\"elementor-widget-container\">\n\t\t\t<div class=\"ekit-wid-con\">\t\t <div class=\"profile-square-v\"> \t\t\t\t\t\t\n\t\t<div class=\"profile-card elementor-animation- text-center ekit-team-style-centered_style\">\n\t\t\t\t\t\t\n\t\t\t\t<div class=\"profile-header ekit-team-img \" >\n\t\t\t\t\t<img loading=\"lazy\" decoding=\"async\" width=\"212\" height=\"212\" src=\"https:\/\/ujilliurex.uji.es\/wp-content\/uploads\/2021\/04\/festeve.jpg\" class=\"attachment-full size-full wp-image-727\" alt=\"\" srcset=\"https:\/\/ujilliurex.uji.es\/wp-content\/uploads\/2021\/04\/festeve.jpg 212w, https:\/\/ujilliurex.uji.es\/wp-content\/uploads\/2021\/04\/festeve-150x150.jpg 150w\" sizes=\"auto, (max-width: 212px) 100vw, 212px\" \/>\t\t\t\t<\/div><!-- .profile-header END -->\n\t\t\t\t\t\t\n\n\t\t\t\t<div class=\"profile-body\">\n\t\t\t\t\t\n\t\t\t\t\t<h2 class=\"profile-title\">\n\t\t\t\t\t\t\t\t\t\t\tFrancesc Esteve Mon\t\t\t\t\t\t\t\t\t\t<\/h2>\n\t\t\t\t\t<p class=\"profile-designation\">Delegado de la rectora para la Transformaci\u00f3n Docente, la Comunicaci\u00f3n y la Direcci\u00f3n del Gabinete<\/p>\n\t\t\t\t\t\t\t\t\t<\/div><!-- .profile-body END -->\n\n\t\t\t\t\t\t\t\t<\/div>\n\t\t\t\t <\/div> \t\t\t\n\t\t\t\n\t\t\t\t<\/div>\t\t<\/div>\n\t\t\t\t<\/div>\n\t\t\t\t\t<\/div>\n\t\t<\/div>\n\t\t\t\t\t\t\t<\/div>\n\t\t<\/section>\n\t\t\t\t\t<\/div>\n\t\t<\/div>\n\t\t\t\t\t\t\t<\/div>\n\t\t<\/section>\n\t\t\t\t\t\t\t<\/div>\n\t\t","protected":false},"excerpt":{"rendered":"<p>Comit\u00e9 organizador El comit\u00e9 organizador de la \u00abJornada del proyecto LliureX en la Universidad Jaume I\u00bb est\u00e1 formado por: Julio Pacheco Aparicio Coordinador del Proyecto LliureX en la UJI Francesc Esteve Mon Delegado de la rectora para la Transformaci\u00f3n Docente, la Comunicaci\u00f3n y la Direcci\u00f3n del Gabinete<\/p>\n","protected":false},"author":1,"featured_media":0,"parent":0,"menu_order":0,"comment_status":"closed","ping_status":"closed","template":"","meta":{"footnotes":""},"class_list":["post-60","page","type-page","status-publish","hentry"],"_links":{"self":[{"href":"https:\/\/ujilliurex.uji.es\/es\/wp-json\/wp\/v2\/pages\/60","targetHints":{"allow":["GET"]}}],"collection":[{"href":"https:\/\/ujilliurex.uji.es\/es\/wp-json\/wp\/v2\/pages"}],"about":[{"href":"https:\/\/ujilliurex.uji.es\/es\/wp-json\/wp\/v2\/types\/page"}],"author":[{"embeddable":true,"href":"https:\/\/ujilliurex.uji.es\/es\/wp-json\/wp\/v2\/users\/1"}],"replies":[{"embeddable":true,"href":"https:\/\/ujilliurex.uji.es\/es\/wp-json\/wp\/v2\/comments?post=60"}],"version-history":[{"count":124,"href":"https:\/\/ujilliurex.uji.es\/es\/wp-json\/wp\/v2\/pages\/60\/revisions"}],"predecessor-version":[{"id":3595,"href":"https:\/\/ujilliurex.uji.es\/es\/wp-json\/wp\/v2\/pages\/60\/revisions\/3595"}],"wp:attachment":[{"href":"https:\/\/ujilliurex.uji.es\/es\/wp-json\/wp\/v2\/media?parent=60"}],"curies":[{"name":"wp","href":"https:\/\/api.w.org\/{rel}","templated":true}]}}