{"id":66,"date":"2021-04-26T07:42:18","date_gmt":"2021-04-26T07:42:18","guid":{"rendered":"http:\/\/ujilliurex.uji.es\/?page_id=66"},"modified":"2026-02-11T01:53:40","modified_gmt":"2026-02-11T00:53:40","slug":"inscripciones","status":"publish","type":"page","link":"https:\/\/ujilliurex.uji.es\/es\/inscripciones\/","title":{"rendered":"Inscripciones"},"content":{"rendered":"\t\t<div data-elementor-type=\"wp-page\" data-elementor-id=\"66\" class=\"elementor elementor-66\">\n\t\t\t\t\t\t\t\t\t<section class=\"elementor-section elementor-top-section elementor-element elementor-element-74b77d8 elementor-reverse-tablet elementor-reverse-mobile elementor-section-boxed elementor-section-height-default elementor-section-height-default\" data-id=\"74b77d8\" data-element_type=\"section\" data-settings=\"{&quot;background_background&quot;:&quot;classic&quot;,&quot;shape_divider_top&quot;:&quot;mountains&quot;}\">\n\t\t\t\t\t\t\t<div class=\"elementor-background-overlay\"><\/div>\n\t\t\t\t\t\t<div class=\"elementor-shape elementor-shape-top\" data-negative=\"false\">\n\t\t\t<svg xmlns=\"http:\/\/www.w3.org\/2000\/svg\" viewBox=\"0 0 1000 100\" preserveAspectRatio=\"none\">\n\t<path class=\"elementor-shape-fill\" opacity=\"0.33\" d=\"M473,67.3c-203.9,88.3-263.1-34-320.3,0C66,119.1,0,59.7,0,59.7V0h1000v59.7 c0,0-62.1,26.1-94.9,29.3c-32.8,3.3-62.8-12.3-75.8-22.1C806,49.6,745.3,8.7,694.9,4.7S492.4,59,473,67.3z\"\/>\n\t<path class=\"elementor-shape-fill\" opacity=\"0.66\" d=\"M734,67.3c-45.5,0-77.2-23.2-129.1-39.1c-28.6-8.7-150.3-10.1-254,39.1 s-91.7-34.4-149.2,0C115.7,118.3,0,39.8,0,39.8V0h1000v36.5c0,0-28.2-18.5-92.1-18.5C810.2,18.1,775.7,67.3,734,67.3z\"\/>\n\t<path class=\"elementor-shape-fill\" d=\"M766.1,28.9c-200-57.5-266,65.5-395.1,19.5C242,1.8,242,5.4,184.8,20.6C128,35.8,132.3,44.9,89.9,52.5C28.6,63.7,0,0,0,0 h1000c0,0-9.9,40.9-83.6,48.1S829.6,47,766.1,28.9z\"\/>\n<\/svg>\t\t<\/div>\n\t\t\t\t\t<div class=\"elementor-container elementor-column-gap-default\">\n\t\t\t\t\t<div class=\"elementor-column elementor-col-100 elementor-top-column elementor-element elementor-element-aa06b89\" data-id=\"aa06b89\" data-element_type=\"column\">\n\t\t\t<div class=\"elementor-widget-wrap elementor-element-populated\">\n\t\t\t\t\t\t\t\t<div class=\"elementor-element elementor-element-98f9388 de_scroll_animation_yes de_scroll_animation_preview_yes de_scroll_translateX_popover_unchecked de_scroll_translateY_popover_unchecked de_scroll_rotate_popover_unchecked de_scroll_scale_popover_unchecked de_scroll_skew_popover_unchecked de_scroll_finish_animate_100 de_scroll_animation_on_desktop_yes de_scroll_animation_on_tablet_no de_scroll_animation_on_mobile_no elementor-widget elementor-widget-mdp-lottier-elementor\" data-id=\"98f9388\" data-element_type=\"widget\" data-widget_type=\"mdp-lottier-elementor.default\">\n\t\t\t\t<div class=\"elementor-widget-container\">\n\t\t\t<div id=\"mdp-lottier-box-98f9388\">\n                    <div class=\"mdp-lottier-svg\">\n                <div class=\"mdp-lottier-player\">\n                    <!--suppress HtmlUnknownTag -->\n                    <lottie-player id=\"mdp-lottier-98f9388\" class=\"mdp-lottier-animation\" src='\/wp-content\/uploads\/lotties\/animated_calendar.json'><\/lottie-player>\n                <\/div>\n            <\/div>\n            \n        \n        \n        <\/div>\n\n        <script>\n            var player_98f9388 = document.querySelector(\"#mdp-lottier-98f9388\");\n\n            player_98f9388.background = 'transporant';\n            player_98f9388.autoplay = true;            player_98f9388.mode = 'normal';\n            player_98f9388.controls = false;\n            player_98f9388.loop = true;\n            player_98f9388.speed = 1;\n\n            \n            \n        <\/script>\n\n        \t\t<\/div>\n\t\t\t\t<\/div>\n\t\t\t\t\t<\/div>\n\t\t<\/div>\n\t\t\t\t\t\t\t<\/div>\n\t\t<\/section>\n\t\t\t\t<section class=\"elementor-section elementor-top-section elementor-element elementor-element-3802b0f elementor-section-boxed elementor-section-height-default elementor-section-height-default\" data-id=\"3802b0f\" data-element_type=\"section\">\n\t\t\t\t\t\t<div class=\"elementor-container elementor-column-gap-default\">\n\t\t\t\t\t<div class=\"elementor-column elementor-col-100 elementor-top-column elementor-element elementor-element-c274efe\" data-id=\"c274efe\" data-element_type=\"column\">\n\t\t\t<div class=\"elementor-widget-wrap elementor-element-populated\">\n\t\t\t\t\t\t\t\t<div class=\"elementor-element elementor-element-4fee8d7 de_scroll_animation_no elementor-widget elementor-widget-heading\" data-id=\"4fee8d7\" data-element_type=\"widget\" data-widget_type=\"heading.default\">\n\t\t\t\t<div class=\"elementor-widget-container\">\n\t\t\t<h2 class=\"elementor-heading-title elementor-size-default\">Inscripciones<\/h2>\t\t<\/div>\n\t\t\t\t<\/div>\n\t\t\t\t\t<\/div>\n\t\t<\/div>\n\t\t\t\t\t\t\t<\/div>\n\t\t<\/section>\n\t\t\t\t<section class=\"elementor-section elementor-top-section elementor-element elementor-element-7cfca5f1 elementor-reverse-tablet elementor-reverse-mobile elementor-section-boxed elementor-section-height-default elementor-section-height-default\" data-id=\"7cfca5f1\" data-element_type=\"section\" data-settings=\"{&quot;background_background&quot;:&quot;classic&quot;}\">\n\t\t\t\t\t\t<div class=\"elementor-container elementor-column-gap-default\">\n\t\t\t\t\t<div class=\"elementor-column elementor-col-50 elementor-top-column elementor-element elementor-element-5a53de31\" data-id=\"5a53de31\" data-element_type=\"column\">\n\t\t\t<div class=\"elementor-widget-wrap elementor-element-populated\">\n\t\t\t\t\t\t\t\t<div class=\"elementor-element elementor-element-17dc8105 elementor-widget__width-initial elementor-absolute elementor-widget-mobile__width-initial de_scroll_animation_no elementor-widget elementor-widget-image\" data-id=\"17dc8105\" data-element_type=\"widget\" data-settings=\"{&quot;_position&quot;:&quot;absolute&quot;}\" data-widget_type=\"image.default\">\n\t\t\t\t<div class=\"elementor-widget-container\">\n\t\t\t\t\t\t\t\t\t\t\t\t\t\t\t<img loading=\"lazy\" decoding=\"async\" width=\"2000\" height=\"2000\" src=\"https:\/\/ujilliurex.uji.es\/wp-content\/uploads\/2021\/04\/brainstorming-business-vision-teamwork-casual-concept.jpg\" class=\"attachment-full size-full wp-image-1193\" alt=\"\" srcset=\"https:\/\/ujilliurex.uji.es\/wp-content\/uploads\/2021\/04\/brainstorming-business-vision-teamwork-casual-concept.jpg 2000w, https:\/\/ujilliurex.uji.es\/wp-content\/uploads\/2021\/04\/brainstorming-business-vision-teamwork-casual-concept-300x300.jpg 300w, https:\/\/ujilliurex.uji.es\/wp-content\/uploads\/2021\/04\/brainstorming-business-vision-teamwork-casual-concept-1024x1024.jpg 1024w, https:\/\/ujilliurex.uji.es\/wp-content\/uploads\/2021\/04\/brainstorming-business-vision-teamwork-casual-concept-150x150.jpg 150w, https:\/\/ujilliurex.uji.es\/wp-content\/uploads\/2021\/04\/brainstorming-business-vision-teamwork-casual-concept-768x768.jpg 768w, https:\/\/ujilliurex.uji.es\/wp-content\/uploads\/2021\/04\/brainstorming-business-vision-teamwork-casual-concept-1536x1536.jpg 1536w\" sizes=\"auto, (max-width: 2000px) 100vw, 2000px\" \/>\t\t\t\t\t\t\t\t\t\t\t\t\t\t\t<\/div>\n\t\t\t\t<\/div>\n\t\t\t\t<div class=\"elementor-element elementor-element-6de750b3 elementor-widget__width-initial elementor-absolute elementor-widget-mobile__width-initial elementor-hidden-phone de_scroll_animation_no elementor-widget elementor-widget-image\" data-id=\"6de750b3\" data-element_type=\"widget\" data-settings=\"{&quot;_position&quot;:&quot;absolute&quot;}\" data-widget_type=\"image.default\">\n\t\t\t\t<div class=\"elementor-widget-container\">\n\t\t\t\t\t\t\t\t\t\t\t\t\t\t\t<img loading=\"lazy\" decoding=\"async\" width=\"2000\" height=\"1333\" src=\"https:\/\/ujilliurex.uji.es\/wp-content\/uploads\/2021\/04\/young-student-of-mechatronics-working-on-project-e1608442013503.jpg\" class=\"attachment-full size-full wp-image-1194\" alt=\"\" srcset=\"https:\/\/ujilliurex.uji.es\/wp-content\/uploads\/2021\/04\/young-student-of-mechatronics-working-on-project-e1608442013503.jpg 2000w, https:\/\/ujilliurex.uji.es\/wp-content\/uploads\/2021\/04\/young-student-of-mechatronics-working-on-project-e1608442013503-300x200.jpg 300w, https:\/\/ujilliurex.uji.es\/wp-content\/uploads\/2021\/04\/young-student-of-mechatronics-working-on-project-e1608442013503-1024x682.jpg 1024w, https:\/\/ujilliurex.uji.es\/wp-content\/uploads\/2021\/04\/young-student-of-mechatronics-working-on-project-e1608442013503-768x512.jpg 768w, https:\/\/ujilliurex.uji.es\/wp-content\/uploads\/2021\/04\/young-student-of-mechatronics-working-on-project-e1608442013503-1536x1024.jpg 1536w\" sizes=\"auto, (max-width: 2000px) 100vw, 2000px\" \/>\t\t\t\t\t\t\t\t\t\t\t\t\t\t\t<\/div>\n\t\t\t\t<\/div>\n\t\t\t\t\t<\/div>\n\t\t<\/div>\n\t\t\t\t<div class=\"elementor-column elementor-col-50 elementor-top-column elementor-element elementor-element-49a4eecd\" data-id=\"49a4eecd\" data-element_type=\"column\">\n\t\t\t<div class=\"elementor-widget-wrap elementor-element-populated\">\n\t\t\t\t\t\t\t\t<div class=\"elementor-element elementor-element-6f1cbee de_scroll_animation_no elementor-widget elementor-widget-heading\" data-id=\"6f1cbee\" data-element_type=\"widget\" data-widget_type=\"heading.default\">\n\t\t\t\t<div class=\"elementor-widget-container\">\n\t\t\t<h2 class=\"elementor-heading-title elementor-size-default\">Para Docentes<\/h2>\t\t<\/div>\n\t\t\t\t<\/div>\n\t\t\t\t<div class=\"elementor-element elementor-element-37fd6112 de_scroll_animation_no elementor-widget elementor-widget-text-editor\" data-id=\"37fd6112\" data-element_type=\"widget\" data-widget_type=\"text-editor.default\">\n\t\t\t\t<div class=\"elementor-widget-container\">\n\t\t\t\t\t\t\t<p>Lliurex como herramienta de innovaci\u00f3n educativa<\/p>\t\t\t\t\t\t<\/div>\n\t\t\t\t<\/div>\n\t\t\t\t<div class=\"elementor-element elementor-element-bfc2744 de_scroll_animation_no elementor-widget elementor-widget-button\" data-id=\"bfc2744\" data-element_type=\"widget\" data-widget_type=\"button.default\">\n\t\t\t\t<div class=\"elementor-widget-container\">\n\t\t\t\t\t<div class=\"elementor-button-wrapper\">\n\t\t\t<a href=\"https:\/\/portal.edu.gva.es\/cefire\/lliurex-com-a-eina-dinnovacio-educativa-2025\/\" class=\"elementor-button-link elementor-button elementor-size-sm\" role=\"button\">\n\t\t\t\t\t\t<span class=\"elementor-button-content-wrapper\">\n\t\t\t\t\t\t<span class=\"elementor-button-text\">INSCRIPCI\u00d3N EN CEFIRE<\/span>\n\t\t<\/span>\n\t\t\t\t\t<\/a>\n\t\t<\/div>\n\t\t\t\t<\/div>\n\t\t\t\t<\/div>\n\t\t\t\t<div class=\"elementor-element elementor-element-2204a16 de_scroll_animation_no elementor-widget elementor-widget-heading\" data-id=\"2204a16\" data-element_type=\"widget\" data-widget_type=\"heading.default\">\n\t\t\t\t<div class=\"elementor-widget-container\">\n\t\t\t<h2 class=\"elementor-heading-title elementor-size-default\">P\u00fablico en General<\/h2>\t\t<\/div>\n\t\t\t\t<\/div>\n\t\t\t\t<div class=\"elementor-element elementor-element-a3e1fd3 de_scroll_animation_no elementor-widget elementor-widget-button\" data-id=\"a3e1fd3\" data-element_type=\"widget\" data-widget_type=\"button.default\">\n\t\t\t\t<div class=\"elementor-widget-container\">\n\t\t\t\t\t<div class=\"elementor-button-wrapper\">\n\t\t\t<a href=\"https:\/\/forms.gle\/agkCDYYZhFYtk44ZA\" class=\"elementor-button-link elementor-button elementor-size-sm\" role=\"button\">\n\t\t\t\t\t\t<span class=\"elementor-button-content-wrapper\">\n\t\t\t\t\t\t<span class=\"elementor-button-text\">INSCRIPCI\u00d3N GENERAL<\/span>\n\t\t<\/span>\n\t\t\t\t\t<\/a>\n\t\t<\/div>\n\t\t\t\t<\/div>\n\t\t\t\t<\/div>\n\t\t\t\t\t<\/div>\n\t\t<\/div>\n\t\t\t\t\t\t\t<\/div>\n\t\t<\/section>\n\t\t\t\t\t\t\t<\/div>\n\t\t","protected":false},"excerpt":{"rendered":"<p>Inscripciones Para Docentes Lliurex como herramienta de innovaci\u00f3n educativa INSCRIPCI\u00d3N EN CEFIRE P\u00fablico en General INSCRIPCI\u00d3N GENERAL<\/p>\n","protected":false},"author":2,"featured_media":0,"parent":0,"menu_order":0,"comment_status":"closed","ping_status":"closed","template":"","meta":{"footnotes":""},"class_list":["post-66","page","type-page","status-publish","hentry"],"_links":{"self":[{"href":"https:\/\/ujilliurex.uji.es\/es\/wp-json\/wp\/v2\/pages\/66","targetHints":{"allow":["GET"]}}],"collection":[{"href":"https:\/\/ujilliurex.uji.es\/es\/wp-json\/wp\/v2\/pages"}],"about":[{"href":"https:\/\/ujilliurex.uji.es\/es\/wp-json\/wp\/v2\/types\/page"}],"author":[{"embeddable":true,"href":"https:\/\/ujilliurex.uji.es\/es\/wp-json\/wp\/v2\/users\/2"}],"replies":[{"embeddable":true,"href":"https:\/\/ujilliurex.uji.es\/es\/wp-json\/wp\/v2\/comments?post=66"}],"version-history":[{"count":103,"href":"https:\/\/ujilliurex.uji.es\/es\/wp-json\/wp\/v2\/pages\/66\/revisions"}],"predecessor-version":[{"id":4052,"href":"https:\/\/ujilliurex.uji.es\/es\/wp-json\/wp\/v2\/pages\/66\/revisions\/4052"}],"wp:attachment":[{"href":"https:\/\/ujilliurex.uji.es\/es\/wp-json\/wp\/v2\/media?parent=66"}],"curies":[{"name":"wp","href":"https:\/\/api.w.org\/{rel}","templated":true}]}}